{"id":8,"date":"2014-08-27T21:37:06","date_gmt":"2014-08-27T21:37:06","guid":{"rendered":"https:\/\/www.2013.fif.art.br\/?page_id=8"},"modified":"2014-08-29T14:59:41","modified_gmt":"2014-08-29T14:59:41","slug":"programacao","status":"publish","type":"page","link":"https:\/\/www.2013.fif.art.br\/?page_id=8","title":{"rendered":"Programa"},"content":{"rendered":"<p><span style=\"color: #d22d72;\"><strong>4 DE JULHO<\/strong><\/span><\/p>\n<p><b>19H_<\/b>Abertura da exposi\u00e7\u00e3o \u201cEspa\u00e7os Compartilhados da Imagem\u201d no\u00a0<span style=\"color: #888888;\"><strong>Centro de Arte Contempor\u00e2nea e Fotografia<\/strong><\/span><\/p>\n<p><span style=\"color: #d22d72;\"><strong>5 DE JULHO<\/strong><\/span><\/p>\n<p>&#8211; In\u00edcio das orienta\u00e7\u00f5es e produ\u00e7\u00e3o das imagens da Maratona Fotogr\u00e1fica<\/p>\n<p><strong><span style=\"color: #d22d72;\">9 DE JULHO<\/span><\/strong><\/p>\n<p><b>19H_<\/b>Abertura da exposi\u00e7\u00e3o \u201cEspa\u00e7os Compartilhados da Imagem\u201d no\u00a0<span style=\"color: #888888;\"><strong>Museu Mineiro<\/strong><\/span><\/p>\n<p><span style=\"color: #d22d72;\"><strong>12 DE JULHO<\/strong><\/span><\/p>\n<p><b>19H_<\/b>Abertura da exposi\u00e7\u00e3o \u201cEspa\u00e7os Compartilhados da Imagem\u201d no\u00a0<span style=\"color: #888888;\"><strong>CentoeQuatro<\/strong><\/span>\u00a0e nas esta\u00e7\u00f5es\u00a0<span style=\"color: #888888;\"><strong>Calafate<\/strong><\/span>,\u00a0<span style=\"color: #888888;\"><strong>S\u00e3o Gabriel<\/strong><\/span>\u00a0e\u00a0<span style=\"color: #888888;\"><strong>Central<\/strong><\/span><b>\u00a0<\/b>do metr\u00f4 de Belo Horizonte<\/p>\n<p><span style=\"color: #d22d72;\"><strong>13 DE JULHO<\/strong><\/span><\/p>\n<p><b>17H<\/b>_Palestra de abertura:\u00a0<b>\u201cEspa\u00e7os Compartilhados da Imagem\u201d<\/b>, com Daniella G\u00e9o<br \/>\n<span style=\"color: #888888;\"><b>Local:<\/b><\/span>\u00a0Caf\u00e9 do CentoeQuatro<\/p>\n<p><span style=\"color: #d22d72;\"><strong>14 DE JULHO<\/strong><\/span><\/p>\n<p><strong>Lan\u00e7amentos de livros e bate-papo com artistas<\/strong><br \/>\n<span style=\"color: #888888;\"><b>Local:<\/b><\/span>\u00a0CentoeQuatro [Pra\u00e7a Ruy Barbosa, 104, Centro]\n<p><b>15H<\/b>_Lan\u00e7amento do livro\u00a0<b><i>Sonho Branco<\/i><\/b>, de Eliane Veloso<br \/>\nDia 14 de julho, \u00e0s 15 horas<\/p>\n<p><b>16H<\/b>_Lan\u00e7amento dos livros\u00a0<b><i>Imagens posteriores<\/i><\/b>\u00a0(2012),\u00a0<b><i>Membranas de luz: os tempos na imagem contempor\u00e2nea<\/i><\/b>\u00a0(2011), de Patr\u00edcia Gouveia<\/p>\n<p><b>17H_<\/b>Lan\u00e7amento do livro\u00a0<b><i>Fotografia Contempor\u00e2nea &#8211; entre o cinema, o v\u00eddeo e as novas m\u00eddias<\/i><\/b>, de Antonio Fatorelli *<\/p>\n<p>* O\u00a0<strong>Foto em Pauta<\/strong>\u00a0apoia esta atividade<\/p>\n<p><b>18H<\/b>_Lan\u00e7amento dos livros\u00a0<b><i>Rota Raiz<\/i><\/b>, de Pedro David, e\u00a0<b><i>Moscouzinho<\/i><\/b>, de Gilvan Barreto<\/p>\n<p><span style=\"color: #d22d72;\"><strong>15 DE JULHO<\/strong><\/span><\/p>\n<p>&#8211; In\u00edcio das 0ficinas<\/p>\n<p><b>16H_<\/b>Circuito Caf\u00e9: Daniel Moreira<br \/>\n<span style=\"color: #888888;\"><b>Local:<\/b>\u00a0<\/span>Caf\u00e9 do CentoeQuatro<\/p>\n<p><b>19H30<\/b>_Palestra\u00a0<strong>\u201cMem\u00f3ria Fotografia Mem\u00f3ria\u201d<\/strong>, com Mauricio Lissovscky<br \/>\n<span style=\"color: #888888;\"><b>Local:<\/b><\/span>\u00a0Caf\u00e9 do CentoeQuatro<\/p>\n<p><span style=\"color: #d22d72;\"><strong>16 DE JULHO<\/strong><\/span><\/p>\n<p>&#8211; Leituras de portfolio<br \/>\n<span style=\"color: #888888;\"><b>Local:<\/b>\u00a0<\/span>Museu Mineiro<\/p>\n<p><b>10H<\/b>_Circuito Caf\u00e9: M\u00e1rcio Rodrigues<br \/>\n<span style=\"color: #888888;\"><b>Local:<\/b>\u00a0<\/span>Espa\u00e7o TIM UFMG do Conhecimento<\/p>\n<p><b>16H<\/b>_ Circuito Caf\u00e9: Andre Hauck<br \/>\n<span style=\"color: #888888;\"><b>Local:<\/b>\u00a0<\/span>Caf\u00e9 do CentoeQuatro<\/p>\n<p><span style=\"color: #999999;\"><span style=\"color: #000000;\"><b>19H30_<\/b><\/span>Palestra\u00a0<b>Tecnologia e Visualidade<\/b>, com Andr\u00e9 Parente\u00a0<\/span><strong>(Cancelada)<\/strong><\/p>\n<p>Palestra<b>\u00a0Em torno da comunica\u00e7\u00e3o e da arte na contemporaneidade,<\/b>\u00a0com Eduardo de Jesus<br \/>\n<span style=\"color: #888888;\"><b>Local:<\/b><\/span>\u00a0Caf\u00e9 do CentoeQuatro<\/p>\n<p><span style=\"color: #d22d72;\"><strong>17 DE JULHO<\/strong><\/span><\/p>\n<p>&#8211; Leituras de portf\u00f3lio<br \/>\n<span style=\"color: #888888;\"><b>Local:<\/b><\/span>\u00a0Museu Mineiro<\/p>\n<p><b>10H_<\/b>Circuito Caf\u00e9: Marcilio Gazzinelli<br \/>\n<span style=\"color: #888888;\"><b>Local:<\/b><\/span>\u00a0Espa\u00e7o TIM UFMG do Conhecimento<\/p>\n<p><b>16H_<\/b>Circuito Caf\u00e9: Dirceu Mau\u00e9s<br \/>\n<span style=\"color: #888888;\"><b>Local:<\/b><\/span>\u00a0Caf\u00e9 do CentoeQuatro<\/p>\n<p><b>19H30_<\/b>Palestra\u00a0<strong>\u201cDesobedi\u00eancia visual: a arte contempor\u00e2nea e a fotografia na Am\u00e9rica Latina dos s\u00e9culos XX e XXI\u201d<\/strong>, com Kancy Cornejo<br \/>\n<span style=\"color: #888888;\"><b>Local:<\/b>\u00a0<\/span>Caf\u00e9 do CentoeQuatro<\/p>\n<p><b>18H E 21H30_<\/b>Proje\u00e7\u00f5es na Cidade: esquina entre Rua da Bahia e Av. Afonso Pena<\/p>\n<p><span style=\"color: #d22d72;\"><strong>18 DE JULHO<\/strong><\/span><\/p>\n<p><b>10H<\/b>_Circuito Caf\u00e9: Eug\u00eanio S\u00e1vio<br \/>\n<span style=\"color: #888888;\"><b>Local:<\/b>\u00a0<\/span>Espa\u00e7o TIM UFMG do Conhecimento<\/p>\n<p><b>16H_<\/b>Circuito Caf\u00e9: Jo\u00e3o Castilho<br \/>\n<span style=\"color: #888888;\"><b>Local:<\/b><\/span>\u00a0Caf\u00e9 do CentoeQuatro<\/p>\n<p><b>19H30<\/b>_Palestra<strong>\u00a0\u201cA fotografia contempor\u00e2nea africana: uma ponte entre Europa e \u00c1frica\u201d<\/strong>, com Simon Njami<br \/>\n<span style=\"color: #888888;\"><b>Local:<\/b>\u00a0<\/span>Caf\u00e9 do CentoeQuatro<\/p>\n<p><span style=\"color: #000000;\"><strong>20H \u00c0S 23H_<\/strong><\/span>Proje\u00e7\u00f5es na Cidade: Pra\u00e7a da Liberdade<\/p>\n<p><span style=\"color: #d22d72;\"><strong>19 DE JULHO<\/strong><\/span><\/p>\n<p><strong>10H_<\/strong>Circuito Caf\u00e9: Paulo Baptista<br \/>\nLocal: Espa\u00e7o TIM UFMG do Conhecimento<\/p>\n<p><b>16H_<\/b>Circuito Caf\u00e9: Felipe Bertarelli<br \/>\n<span style=\"color: #888888;\"><b>Local:<\/b>\u00a0<\/span>Caf\u00e9 do CentoeQuatro<\/p>\n<p><b>19H30_<\/b>Palestra\u00a0<strong>\u201cA constru\u00e7\u00e3o do desejo pelas imagens \u201d<\/strong>, com Daniel Coburn<br \/>\n<span style=\"color: #888888;\"><b>Local:<\/b>\u00a0<\/span>Caf\u00e9 do CentoeQuatro<\/p>\n<p><span style=\"color: #000000;\"><b>20H \u00c0S 23H_<\/b><\/span>Proje\u00e7\u00f5es na Cidade: esquina entre Rua da Bahia e Av. Augusto de Lima<\/p>\n<p><span style=\"color: #d22d72;\"><strong>20 DE JULHO<\/strong><\/span><\/p>\n<p><b>15H_<\/b>Fotografia como encontro, com Alexandre Sequeira<br \/>\n<span style=\"color: #888888;\"><b>Local:<\/b>\u00a0<\/span>\u00a0Caf\u00e9 do CentoeQuatro<b><br \/>\n<\/b><\/p>\n<p><b>17H_<\/b>Lan\u00e7amento de Livro \u201cMenos Valia [leil\u00e3o]\u201d, de Ros\u00e2ngela Renn\u00f3<br \/>\nMesa Redonda com Ros\u00e2ngela Renn\u00f3, Lucia Capanema e Maria Angelica<br \/>\n<span style=\"color: #888888;\"><b>Local:<\/b>\u00a0<\/span>Caf\u00e9 do CentoeQuatro<\/p>\n<p><span style=\"color: #000000;\"><b>20H \u00c0S 23H_<\/b><\/span>Proje\u00e7\u00f5es na Cidade: \u00a0Esquina entre Rua dos Tupinambas e Av. Amazonas<\/p>\n<p><span style=\"color: #d22d72;\"><strong>21 DE JULHO<\/strong><\/span><\/p>\n<p><b>17H_<\/b>Palestra\u00a0<strong>\u201cFigura\u00e7\u00e3o na Fotografia Contempor\u00e2nea Alem\u00e3\u201d<\/strong>, com Isabel Flor\u00eancio<br \/>\n<span style=\"color: #888888;\"><b>Local:<\/b>\u00a0<\/span>Caf\u00e9 do CentoeQuatro<\/p>\n<p><span style=\"color: #d22d72;\"><b>18 DE AGOSTO<\/b><\/span><\/p>\n<p>&#8211; Encerramento da exposi\u00e7\u00e3o \u201cEspa\u00e7os Compartilhados da Imagem\u201d no\u00a0<span style=\"color: #888888;\"><strong>CentoeQuatro<\/strong><\/span><\/p>\n<p><span style=\"color: #d22d72;\"><b>25 DE AGOSTO<\/b><\/span><\/p>\n<p>&#8211; Encerramento da exposi\u00e7\u00e3o \u201cEspa\u00e7os Compartilhados da Imagem\u201d no\u00a0<span style=\"color: #888888;\"><strong>Centro de Arte Contempor\u00e2nea e Fotografia<\/strong><\/span>,\u00a0<span style=\"color: #888888;\"><strong>Museu Mineiro<\/strong><\/span>\u00a0e\u00a0<span style=\"color: #888888;\"><strong>esta\u00e7\u00f5es do metr\u00f4<\/strong>\u00a0<\/span>de Belo Horizonte<\/p>\n<p>&nbsp;<\/p>\n<p><span style=\"text-decoration: underline; color: #808080;\"><b>ENDERE\u00c7OS:<\/b><\/span><\/p>\n<p><b>Centro de Arte Contempor\u00e2nea e Fotografia<br \/>\n<\/b>Av. Afonso Pena, 737 &#8211; Centro<br \/>\n<b>Hor\u00e1rio de visita\u00e7\u00e3o:<br \/>\n<\/b>De ter\u00e7a-feira a s\u00e1bado, de 9h30 \u00e0s 21 horas; domingo, das 16 \u00e0s 21 horas.<\/p>\n<p><b>Museu Mineiro<br \/>\n<\/b>Av. Jo\u00e3o Pinheiro, 342 &#8211; Funcion\u00e1rios<br \/>\n<b>Hor\u00e1rio de visita\u00e7\u00e3o:<br \/>\n<\/b>Ter\u00e7a, quarta e sexta-feira, das 10 \u00e0s 19 horas; quinta-feira, de 12 \u00e0s 21 horas; s\u00e1bado e domingo, de 12 \u00e0s 19 horas<\/p>\n<p><b>CentoeQuatro<br \/>\n<\/b>Pra\u00e7a Ruy Barbosa, 104 &#8211; Centro<br \/>\nDe 12 de julho a 18 de agosto de 2013<br \/>\n<b>Hor\u00e1rio de visita\u00e7\u00e3o:\u00a0<\/b>ter\u00e7a a domingo, de 14 \u00e0s 22 horas<\/p>\n<p><b>Esta\u00e7\u00f5es do Metr\u00f4 de Belo Horizonte<br \/>\n<\/b><b><span style=\"color: #808080;\">Esta\u00e7\u00e3o Calafate:<\/span>\u00a0<\/b>Rua Extrema, 120 &#8211; Calafate<br \/>\n<b><span style=\"color: #808080;\">Esta\u00e7\u00e3o S\u00e3o Gabriel:<\/span>\u00a0<\/b>Av. Cristiano Machado, 5.600 &#8211; Bairro S\u00e3o Paulo<br \/>\n<span style=\"color: #808080;\"><b>Esta\u00e7\u00e3o Central:\u00a0<\/b><\/span>Pra\u00e7a Rui Barbosa, s\/n\u00ba &#8211; Centro<br \/>\n<b>Hor\u00e1rio de visita\u00e7\u00e3o:<\/b>\u00a0todos os dias, de 5h15 \u00e0s 23 horas<\/p>\n<p><b>Espa\u00e7o TIM UFMG do Conhecimento<\/b><br \/>\nPra\u00e7a da Liberdade, s\/n &#8211; Funcion\u00e1rios<\/p>\n","protected":false},"excerpt":{"rendered":"<p>4 DE JULHO 19H_Abertura da exposi\u00e7\u00e3o \u201cEspa\u00e7os Compartilhados da Imagem\u201d no\u00a0Centro de Arte Contempor\u00e2nea e Fotografia 5 DE JULHO &#8211; In\u00edcio das orienta\u00e7\u00f5es e produ\u00e7\u00e3o das imagens da Maratona Fotogr\u00e1fica 9 DE JULHO 19H_Abertura da exposi\u00e7\u00e3o \u201cEspa\u00e7os Compartilhados da Imagem\u201d no\u00a0Museu Mineiro 12 DE JULHO 19H_Abertura da exposi\u00e7\u00e3o \u201cEspa\u00e7os Compartilhados da Imagem\u201d no\u00a0CentoeQuatro\u00a0e nas esta\u00e7\u00f5es\u00a0Calafate,\u00a0S\u00e3o [&hellip;]<\/p>\n","protected":false},"author":1,"featured_media":0,"parent":0,"menu_order":0,"comment_status":"closed","ping_status":"closed","template":"page-fullwidth.php","meta":{"footnotes":""},"class_list":["post-8","page","type-page","status-publish","hentry"],"_links":{"self":[{"href":"https:\/\/www.2013.fif.art.br\/index.php?rest_route=\/wp\/v2\/pages\/8","targetHints":{"allow":["GET"]}}],"collection":[{"href":"https:\/\/www.2013.fif.art.br\/index.php?rest_route=\/wp\/v2\/pages"}],"about":[{"href":"https:\/\/www.2013.fif.art.br\/index.php?rest_route=\/wp\/v2\/types\/page"}],"author":[{"embeddable":true,"href":"https:\/\/www.2013.fif.art.br\/index.php?rest_route=\/wp\/v2\/users\/1"}],"replies":[{"embeddable":true,"href":"https:\/\/www.2013.fif.art.br\/index.php?rest_route=%2Fwp%2Fv2%2Fcomments&post=8"}],"version-history":[{"count":2,"href":"https:\/\/www.2013.fif.art.br\/index.php?rest_route=\/wp\/v2\/pages\/8\/revisions"}],"predecessor-version":[{"id":51,"href":"https:\/\/www.2013.fif.art.br\/index.php?rest_route=\/wp\/v2\/pages\/8\/revisions\/51"}],"wp:attachment":[{"href":"https:\/\/www.2013.fif.art.br\/index.php?rest_route=%2Fwp%2Fv2%2Fmedia&parent=8"}],"curies":[{"name":"wp","href":"https:\/\/api.w.org\/{rel}","templated":true}]}}