{"id":583,"date":"2014-10-30T18:16:47","date_gmt":"2014-10-30T18:16:47","guid":{"rendered":"https:\/\/www.2013.fif.art.br\/?page_id=583"},"modified":"2014-11-17T21:34:17","modified_gmt":"2014-11-17T21:34:17","slug":"maratona-fotografica-2013","status":"publish","type":"page","link":"https:\/\/www.2013.fif.art.br\/?page_id=583","title":{"rendered":"MARATONA FOTOGR\u00c1FICA 2013"},"content":{"rendered":"<p class=\"p1\"><div class=\"one_fourth\"><strong><span style=\"color: #800000;\"><span style=\"color: #800000;\"><a href=\"https:\/\/www.2013.fif.art.br\/?page_id=29\">EXPOSI\u00c7\u00c3O<br \/>\n<\/a><\/span><\/span><\/strong><a style=\"color: #808080;\" href=\"https:\/\/www.2013.fif.art.br\/?page_id=29\">Exhibition<\/a><\/p>\n<p class=\"p1\"><a title=\"PALESTRAS 2013\" href=\"https:\/\/www.2013.fif.art.br\/?page_id=576\"><span style=\"color: #800000;\"><strong>PALESTRAS<\/strong><span class=\"s1\"><br \/>\n<\/span><span style=\"color: #808080;\">Lectures<\/span><\/span><\/a><\/p>\n<p class=\"p1\"><span style=\"color: #800000;\"><strong>OFICINAS<\/strong><span class=\"s1\"><br \/>\n<\/span><span style=\"color: #808080;\">Workshops<\/span><\/span><\/p>\n<p class=\"p1\"><strong><span style=\"color: #800000;\"><a title=\"MARATONA FOTOGR\u00c1FICA 2013\" href=\"https:\/\/www.2013.fif.art.br\/?page_id=583\">MARATONA FOTOGR\u00c1FICA<\/a><br \/>\n<a title=\"MARATONA FOTOGR\u00c1FICA 2013\" href=\"https:\/\/www.2013.fif.art.br\/?page_id=583\"><span style=\"color: #808080;\">Photographic Marathon<\/span><\/a><br \/>\n<\/span><\/strong><\/p>\n<p class=\"p1\"><strong><span style=\"color: #800000;\"><a title=\"LEITURAS DE PORTFOLIO 2013\" href=\"https:\/\/www.2013.fif.art.br\/?page_id=574\">LEITURAS DE PORTFOLIO<\/a><br \/>\n<a title=\"LEITURAS DE PORTFOLIO 2013\" href=\"https:\/\/www.2013.fif.art.br\/?page_id=574\"><span style=\"color: #808080;\">Portfolio reviews<\/span><\/a><br \/>\n<\/span><\/strong><\/p>\n<p class=\"p1\"><strong><span style=\"color: #800000;\"><a title=\"EDUCATIVO 2013\" href=\"https:\/\/www.2013.fif.art.br\/?page_id=578\">EDUCATIVO<\/a><br \/>\n<a title=\"EDUCATIVO 2013\" href=\"https:\/\/www.2013.fif.art.br\/?page_id=578\"><span style=\"color: #808080;\">Educational<\/span><\/a><br \/>\n<\/span><\/strong><\/p>\n<p class=\"p1\"><strong><span style=\"color: #800000;\">ARTISTAS<br \/>\n<span style=\"color: #808080;\">Artists<\/span><\/span><\/strong><\/p>\n<p class=\"p1\"><strong><span style=\"color: #800000;\">CONVIDADOS<br \/>\n<\/span><\/strong><strong><span style=\"color: #800000;\"><span style=\"color: #808080;\">Contributors<\/span><\/span><\/strong><\/div><div class=\"three_fourth last\"><iframe loading=\"lazy\" src=\"\/\/player.vimeo.com\/video\/85433536\" width=\"701\" height=\"395\" frameborder=\"0\" allowfullscreen=\"allowfullscreen\"><\/iframe><\/p>\n<div class=\"one_half\">Maratona Fotogr\u00e1fica \u00e9 um evento que ir\u00e1 mobilizar, durante dez dias, fot\u00f3grafos profissionais e amadores, no intuito de desenvolverem um trabalho autoral na cidade de Belo Horizonte (MG). A convocat\u00f3ria para os fot\u00f3grafos interessados, com at\u00e9 20 vagas, \u00e9 gratuita e estar\u00e1 aberta em breve.Ser\u00e3o selecionados, a partir de um edital p\u00fablico, at\u00e9 20 fot\u00f3grafos iniciantes. Tr\u00eas fot\u00f3grafos profissionais convidados orientar\u00e3o, cada um, 6 iniciantes em sua produ\u00e7\u00e3o. Ao preencher a ficha de inscri\u00e7\u00e3o voc\u00ea poder\u00e1 escolher o orientador de sua preferencia, mas lembramos que a equipe do FIF poder\u00e1 reorganizar os fot\u00f3grafos de acordo com o n\u00famero de inscritos por orientador. Os fot\u00f3grafos inscritos ser\u00e3o divididos em 3 grupos de acordo com o n\u00famero de selecionados. As atividades de orienta\u00e7\u00e3o ser\u00e3o divididas em 05 encontros entre os dias 05 e 15 de julho, pela manh\u00e3 ou a tarde, de acordo com a divis\u00e3o dos grupos. Cada participante dever\u00e1 ter seu pr\u00f3prio equipamento. Durante o per\u00edodo da Maratona cada participantes precisar\u00e1 organizar seu tempo para produzir um ensaio autoral e participar dos encontros de orienta\u00e7\u00e3o. Esses encontros se dar\u00e3o a partir de conversas e direcionamentos oferecidos pelos orientadores, tendo por base as imagens produzidas pelo participante ao longo da Maratona.<br \/>\nOs ensaios fotogr\u00e1ficos resultantes desse processo de produ\u00e7\u00e3o e orienta\u00e7\u00e3o com dura\u00e7\u00e3o de 10 dias, ser\u00e3o reunidos e expostos por meio de proje\u00e7\u00f5es na cidade de Belo Horizonte. Os eventos de proje\u00e7\u00e3o ser\u00e3o gratuitos e abertos ao p\u00fablico.<\/div><div class=\"one_half last\">\n<span style=\"color: #800000;\">The Photographic Marathon is an event which will mobilize professional and amateur photographers for the duration of a week, with the intent of developing an original work in Belo Horizonte (MG). The open call for all interested artistic photographers, with up to 20 spots, is free of charge, and will stay opened in the Festival\u2019s website until June 15th, 2013. Up to 20 amateur photographers will be selected through a public notice. Each of the three invited professional photographers will guide 6 beginners in their production process. You may choose a desired guide when filling out the application form, but we remind you that the FIF staff may rearrange the photographers according to how many attendees have applied for each guide. The registered participants will be divided in three groups, according to how many were selected. The guiding activities will be divided in five meetings between the 5th and the 15th of July, at morning or during the afternoon, according to how the groups were divided. Each attendee will need to be in possession of their own equipment. During the Marathon, each attendee will need to manage their time to produce an authorial essay and participate in the guidance meetings. These meetings will occur from conversations and orientations by the professional photographers, based on the images produced by the attendee over the course of the Marathon. The resulting photographic essays from this production and guidance process, with a duration of 10 days, will be gathered and exhibited through projections in the city of Belo Horizonte. The works exhibited through projections in public areas will be open to the public, free of charge. (the locations will be defined by the staff of the Festival).<\/div><div class=\"divider\"><\/div><\/span><\/div><div class=\"divider\"><\/div>\n","protected":false},"excerpt":{"rendered":"","protected":false},"author":1,"featured_media":0,"parent":0,"menu_order":0,"comment_status":"closed","ping_status":"closed","template":"page-fullwidth.php","meta":{"footnotes":""},"class_list":["post-583","page","type-page","status-publish","hentry"],"_links":{"self":[{"href":"https:\/\/www.2013.fif.art.br\/index.php?rest_route=\/wp\/v2\/pages\/583","targetHints":{"allow":["GET"]}}],"collection":[{"href":"https:\/\/www.2013.fif.art.br\/index.php?rest_route=\/wp\/v2\/pages"}],"about":[{"href":"https:\/\/www.2013.fif.art.br\/index.php?rest_route=\/wp\/v2\/types\/page"}],"author":[{"embeddable":true,"href":"https:\/\/www.2013.fif.art.br\/index.php?rest_route=\/wp\/v2\/users\/1"}],"replies":[{"embeddable":true,"href":"https:\/\/www.2013.fif.art.br\/index.php?rest_route=%2Fwp%2Fv2%2Fcomments&post=583"}],"version-history":[{"count":3,"href":"https:\/\/www.2013.fif.art.br\/index.php?rest_route=\/wp\/v2\/pages\/583\/revisions"}],"predecessor-version":[{"id":593,"href":"https:\/\/www.2013.fif.art.br\/index.php?rest_route=\/wp\/v2\/pages\/583\/revisions\/593"}],"wp:attachment":[{"href":"https:\/\/www.2013.fif.art.br\/index.php?rest_route=%2Fwp%2Fv2%2Fmedia&parent=583"}],"curies":[{"name":"wp","href":"https:\/\/api.w.org\/{rel}","templated":true}]}}