{"id":578,"date":"2014-10-30T18:03:40","date_gmt":"2014-10-30T18:03:40","guid":{"rendered":"https:\/\/www.2013.fif.art.br\/?page_id=578"},"modified":"2014-11-17T21:29:46","modified_gmt":"2014-11-17T21:29:46","slug":"educativo-2013","status":"publish","type":"page","link":"https:\/\/www.2013.fif.art.br\/?page_id=578","title":{"rendered":"EDUCATIVO 2013"},"content":{"rendered":"<p class=\"p1\"><div class=\"one_fourth\"><strong><span style=\"color: #800000;\"><span style=\"color: #800000;\"><a href=\"https:\/\/www.2013.fif.art.br\/?page_id=29\">EXPOSI\u00c7\u00c3O<br \/>\n<\/a><\/span><\/span><\/strong><a style=\"color: #808080;\" href=\"https:\/\/www.2013.fif.art.br\/?page_id=29\">Exhibition<\/a><\/p>\n<p class=\"p1\"><a title=\"PALESTRAS 2013\" href=\"https:\/\/www.2013.fif.art.br\/?page_id=576\"><span style=\"color: #800000;\"><strong>PALESTRAS<\/strong><span class=\"s1\"><br \/>\n<\/span><span style=\"color: #808080;\">Lectures<\/span><\/span><\/a><\/p>\n<p class=\"p1\"><span style=\"color: #800000;\"><strong>OFICINAS<\/strong><span class=\"s1\"><br \/>\n<\/span><span style=\"color: #808080;\">Workshops<\/span><\/span><\/p>\n<p class=\"p1\"><strong><span style=\"color: #800000;\"><a title=\"MARATONA FOTOGR\u00c1FICA 2013\" href=\"https:\/\/www.2013.fif.art.br\/?page_id=583\">MARATONA FOTOGR\u00c1FICA<\/a><br \/>\n<a title=\"MARATONA FOTOGR\u00c1FICA 2013\" href=\"https:\/\/www.2013.fif.art.br\/?page_id=583\"><span style=\"color: #808080;\">Photographic Marathon<\/span><\/a><br \/>\n<\/span><\/strong><\/p>\n<p class=\"p1\"><strong><span style=\"color: #800000;\"><a title=\"LEITURAS DE PORTFOLIO 2013\" href=\"https:\/\/www.2013.fif.art.br\/?page_id=574\">LEITURAS DE PORTFOLIO<\/a><br \/>\n<a title=\"LEITURAS DE PORTFOLIO 2013\" href=\"https:\/\/www.2013.fif.art.br\/?page_id=574\"><span style=\"color: #808080;\">Portfolio reviews<\/span><\/a><br \/>\n<\/span><\/strong><\/p>\n<p class=\"p1\"><strong><span style=\"color: #800000;\"><a title=\"EDUCATIVO 2013\" href=\"https:\/\/www.2013.fif.art.br\/?page_id=578\">EDUCATIVO<\/a><br \/>\n<a title=\"EDUCATIVO 2013\" href=\"https:\/\/www.2013.fif.art.br\/?page_id=578\"><span style=\"color: #808080;\">Educational<\/span><\/a><br \/>\n<\/span><\/strong><\/p>\n<p class=\"p1\"><strong><span style=\"color: #800000;\">ARTISTAS<br \/>\n<span style=\"color: #808080;\">Artists<\/span><\/span><\/strong><\/p>\n<p class=\"p1\"><strong><span style=\"color: #800000;\">CONVIDADOS<br \/>\n<\/span><\/strong><strong><span style=\"color: #800000;\"><span style=\"color: #808080;\">Contributors<\/span><\/span><\/strong><\/div><div class=\"three_fourth last\"><iframe loading=\"lazy\" src=\"\/\/player.vimeo.com\/video\/85922748\" width=\"701\" height=\"395\" frameborder=\"0\" allowfullscreen=\"allowfullscreen\"><\/iframe><\/p>\n<div class=\"one_half\">O setor educativo do Festival Internacional de Fotografia de Belo Horizonte (FIF-BH) estrutura-se em torno de a\u00e7\u00f5es consistentes que estimulam a media\u00e7\u00e3o cultural, a frui\u00e7\u00e3o das obras, e possibilitam que o p\u00fablico, utilizando suas pr\u00f3prias percep\u00e7\u00f5es, experi\u00eancias e repert\u00f3rio, unidos ao conte\u00fado das informa\u00e7\u00f5es oferecidas, possa ampliar seu universo de compreens\u00e3o sobre a arte.<\/p>\n<p><strong>KIT \/ EPV &#8211; Explorando as Po\u00e9ticas Visuais \u00a0<\/strong><br \/>\nSer\u00e3o promovidos encontros de forma\u00e7\u00e3o com os professores de escolas da rede p\u00fablica de Belo Horizonte. Os encontros t\u00eam por objetivo preparar os professores para visita\u00e7\u00e3o da mostra internacional com seus alunos e para a utiliza\u00e7\u00e3o do KIT educativo oferecido pelo FIF, material de apoio para ser utilizado em sala de aula. Ser\u00e3o trabalhadas quest\u00f5es sobre o universo da imagem, o processo fotogr\u00e1fico, suas fun\u00e7\u00f5es e presen\u00e7a da linguagem fotogr\u00e1fica nas artes contempor\u00e2neas.<\/p>\n<p><strong>Visitas para professores<\/strong><br \/>\nDurante o funcionamento da exposi\u00e7\u00e3o, ser\u00e3o oferecidas visitas especiais aos professores da rede p\u00fablica de ensino, conduzidas pelos coordenadores do Projeto Educativo. Dando seguimento \u00e0 forma\u00e7\u00e3o desenvolvida ao longo de dois meses, pretende-se preparar os professores para a visita \u00e0 exposi\u00e7\u00e3o com seus alunos.<\/p>\n<p><strong>Visitas orientadas para grupos<\/strong><br \/>\nO festival conta com uma equipe de arte-educadores que possibilitam um di\u00e1logo e experimenta\u00e7\u00f5es nas visitas orientadas a grupos de alunos e visitantes, mediante agendamento pr\u00e9vio.<\/p>\n<p><strong>Monitores<\/strong><br \/>\nO festival conta com uma equipe de arte-educadores instru\u00eddos para conduzir visitas orientadas, esclarecer d\u00favidas e guiar os visitantes ao longo de sua visita\u00e7\u00e3o \u00e0 mostra internacional.<\/p>\n<p><span style=\"color: #993366;\"><\/div><div class=\"one_half last\">The educational sector of the Belo Horizonte International Photography Festival (FIF-BH) is structured on consistent actions which stimulate cultural mediation and enjoyment from the works, and allow visitors to expand their universal comprehension of art, through their personal perceptions, experiences and repertoire, combined with the content of the offered information.<\/span><\/p>\n<p><span style=\"color: #993366;\"><b>KIT \/ EPV &#8211; Exploring Visual Poetics <\/b><br \/>\nDuring the months of February and March, formation meetings will be promoted with public school teachers of Belo Horizonte. These meetings have the objective of preparing teachers for visitations to the international exhibit with their students, and utilizing the educational KIT offered by FIF, a supporting material to be used in the classroom. There will be an exploration of topics on the universe of image, the photographic process, their functions and the presence of photographic language in modern arts.<\/span><\/p>\n<p><span style=\"color: #993366;\">\u00a0<b>Visitations for teachers<\/b><br \/>\nOn July XX and XX, special visits will be offered to public school teachers, conducted by the coordinators of the Educational Project. Following the formation developed over the course of two months, the objective is to prepare teachers for visitations to the exhibit with their students.\u00a0<\/span><\/p>\n<p><span style=\"color: #993366;\"> <b>Group-oriented visitations<\/b><br \/>\nThe Festival has a staff composed of art educators, which allows for a dialogue and experimentations in group-oriented visitations by students and visitors, provided that they were scheduled in advance.<\/span><\/p>\n<p><span style=\"color: #993366;\">Visiting hours: Monday to Sunday, from 9 AM to 7 PM.<\/span><\/p>\n<p><span style=\"color: #993366;\"><b>Guides:<\/b><br \/>\nThe Festival has a staff composed of art educators, who are instructed to conduct guided visits, answer questions and guide the visitors throughout their visitation to the international exhibit.<\/span><\/p>\n<p><span style=\"color: #993366;\"><b>Guided visits with curators<\/b><br \/>\nOver the duration of the international exhibition, the curators of the Festival will conduct guided visits to the Great International Exhibit. Those interested may register in advance at the website, or take their admission at the reception of the exhibition. There will be a limit of 30 people per group.<span style=\"color: #993366;\"><\/div><div class=\"divider\"><\/div><\/span><\/span><\/p>\n<p>&nbsp;<\/p>\n<p>&nbsp;<\/p>\n<p><b>AGENDAMENTO<\/b> de visitas atrav\u00e9s do 3236-7471 ou pelo e-mail <span style=\"color: #dc2265;\"><a href=\"mailto:educativo.artesvisuais@fcs.mg.gov.br\"><span style=\"color: #dc2265;\">educativo.artesvisuais@fcs.mg.gov.br<\/span><\/a><\/span><\/div><div class=\"divider\"><\/div>\n","protected":false},"excerpt":{"rendered":"","protected":false},"author":1,"featured_media":0,"parent":0,"menu_order":0,"comment_status":"closed","ping_status":"closed","template":"page-fullwidth.php","meta":{"footnotes":""},"class_list":["post-578","page","type-page","status-publish","hentry"],"_links":{"self":[{"href":"https:\/\/www.2013.fif.art.br\/index.php?rest_route=\/wp\/v2\/pages\/578","targetHints":{"allow":["GET"]}}],"collection":[{"href":"https:\/\/www.2013.fif.art.br\/index.php?rest_route=\/wp\/v2\/pages"}],"about":[{"href":"https:\/\/www.2013.fif.art.br\/index.php?rest_route=\/wp\/v2\/types\/page"}],"author":[{"embeddable":true,"href":"https:\/\/www.2013.fif.art.br\/index.php?rest_route=\/wp\/v2\/users\/1"}],"replies":[{"embeddable":true,"href":"https:\/\/www.2013.fif.art.br\/index.php?rest_route=%2Fwp%2Fv2%2Fcomments&post=578"}],"version-history":[{"count":6,"href":"https:\/\/www.2013.fif.art.br\/index.php?rest_route=\/wp\/v2\/pages\/578\/revisions"}],"predecessor-version":[{"id":589,"href":"https:\/\/www.2013.fif.art.br\/index.php?rest_route=\/wp\/v2\/pages\/578\/revisions\/589"}],"wp:attachment":[{"href":"https:\/\/www.2013.fif.art.br\/index.php?rest_route=%2Fwp%2Fv2%2Fmedia&parent=578"}],"curies":[{"name":"wp","href":"https:\/\/api.w.org\/{rel}","templated":true}]}}