{"id":31,"date":"2014-08-27T21:48:41","date_gmt":"2014-08-27T21:48:41","guid":{"rendered":"https:\/\/www.2013.fif.art.br\/?page_id=31"},"modified":"2014-10-14T21:52:58","modified_gmt":"2014-10-14T21:52:58","slug":"leitura-de-portfolio","status":"publish","type":"page","link":"https:\/\/www.2013.fif.art.br\/?page_id=31","title":{"rendered":"Leitura de Portfolio"},"content":{"rendered":"<p><iframe loading=\"lazy\" src=\"\/\/player.vimeo.com\/video\/85922749\" width=\"941\" height=\"531\" frameborder=\"0\" allowfullscreen=\"allowfullscreen\"><\/iframe><\/p>\n<p>&nbsp;<\/p>\n<div class=\"one_half\">As leituras de portf\u00f3lio s\u00e3o uma atividade de forma\u00e7\u00e3o de fundamental import\u00e2ncia, comuns em festivais de fotografia. Esse tipo de atividade ajuda fot\u00f3grafos e curadores a se conhecerem, trocarem experi\u00eancias, refer\u00eancias e contatos. Os curadores auxiliam os fot\u00f3grafos no desenvolvimento de seus trabalhos, possibilitando o direcionamento das propostas e pesquisas apresentadas,\u00a0contribuindo para uma maior profissionaliza\u00e7\u00e3o do participante. Os encontros ser\u00e3o realizados nos <strong>dias\u00a016 e 17 de julho<\/strong>, no <strong>Museu Mineiro<\/strong> [Av. Jo\u00e3o Pinheiro, 342 \u2013 Funcion\u00e1rios, Belo Horizonte\/MG]<\/div><div class=\"one_half last\">\n<p><span style=\"color: #993366;\">Portfolio reviews are of fundamental importance for training, and common in photography festivals. This kind of activity assists photographers and curators in meeting each other, exchanging experiences, references and contacts.Curators assist photographers in developing their work, making it possible to direct the presented purpose and research, thus contributing to a greater professionalization of the attendee.<\/span><\/p>\n<p><span style=\"color: #993366;\">Registration free of charge.<\/div><div class=\"divider\"><\/div><\/span><\/p>\n<h5><strong><span style=\"color: #d22c61;\"><a href=\"https:\/\/www.fif.art.br\/resultado-leituras-de-portfolio\/\" target=\"_blank\"><span style=\"color: #d22c61;\"><span style=\"color: #808080;\">RESULTADO:<\/span> CONHE\u00c7A OS FOT\u00d3GRAFOS SELECIONADOS<\/span><\/a><\/span><\/strong><\/h5>\n","protected":false},"excerpt":{"rendered":"<p>&nbsp; RESULTADO: CONHE\u00c7A OS FOT\u00d3GRAFOS SELECIONADOS<\/p>\n","protected":false},"author":1,"featured_media":0,"parent":0,"menu_order":0,"comment_status":"closed","ping_status":"closed","template":"page-fullwidth.php","meta":{"footnotes":""},"class_list":["post-31","page","type-page","status-publish","hentry"],"_links":{"self":[{"href":"https:\/\/www.2013.fif.art.br\/index.php?rest_route=\/wp\/v2\/pages\/31","targetHints":{"allow":["GET"]}}],"collection":[{"href":"https:\/\/www.2013.fif.art.br\/index.php?rest_route=\/wp\/v2\/pages"}],"about":[{"href":"https:\/\/www.2013.fif.art.br\/index.php?rest_route=\/wp\/v2\/types\/page"}],"author":[{"embeddable":true,"href":"https:\/\/www.2013.fif.art.br\/index.php?rest_route=\/wp\/v2\/users\/1"}],"replies":[{"embeddable":true,"href":"https:\/\/www.2013.fif.art.br\/index.php?rest_route=%2Fwp%2Fv2%2Fcomments&post=31"}],"version-history":[{"count":1,"href":"https:\/\/www.2013.fif.art.br\/index.php?rest_route=\/wp\/v2\/pages\/31\/revisions"}],"predecessor-version":[{"id":32,"href":"https:\/\/www.2013.fif.art.br\/index.php?rest_route=\/wp\/v2\/pages\/31\/revisions\/32"}],"wp:attachment":[{"href":"https:\/\/www.2013.fif.art.br\/index.php?rest_route=%2Fwp%2Fv2%2Fmedia&parent=31"}],"curies":[{"name":"wp","href":"https:\/\/api.w.org\/{rel}","templated":true}]}}