{"id":18,"date":"2014-08-27T21:42:31","date_gmt":"2014-08-27T21:42:31","guid":{"rendered":"https:\/\/www.2013.fif.art.br\/?page_id=18"},"modified":"2014-08-29T14:59:15","modified_gmt":"2014-08-29T14:59:15","slug":"maratona-fotografica","status":"publish","type":"page","link":"https:\/\/www.2013.fif.art.br\/?page_id=18","title":{"rendered":"Maratona Fotogr\u00e1fica"},"content":{"rendered":"<p><iframe loading=\"lazy\" src=\"\/\/player.vimeo.com\/video\/85433536\" width=\"940\" height=\"530\" frameborder=\"0\" allowfullscreen=\"allowfullscreen\"><\/iframe><\/p>\n<p style=\"text-align: justify;\"><div class=\"one_half\">Maratona\u00a0 Fotogr\u00e1fica \u00e9 um evento que ir\u00e1 mobilizar, durante dez dias, fot\u00f3grafos profissionais e amadores, no intuito de desenvolverem um trabalho autoral na cidade de Belo Horizonte (MG).\u00a0A convocat\u00f3ria para os fot\u00f3grafos interessados, com at\u00e9 20 vagas, \u00e9 gratuita e est\u00e1 aberta at\u00e9 <strong>10 de junho<\/strong> de 2013, no site no Festival.<\/p>\n<p style=\"text-align: justify;\">Ser\u00e3o selecionados, a partir de um edital p\u00fablico, at\u00e9 20 fot\u00f3grafos iniciantes. Tr\u00eas fot\u00f3grafos profissionais convidados orientar\u00e3o, cada um, 6 iniciantes em sua produ\u00e7\u00e3o. Ao preencher a ficha de inscri\u00e7\u00e3o voc\u00ea poder\u00e1 escolher o orientador de sua preferencia, mas lembramos que a equipe do FIF poder\u00e1 reorganizar os fot\u00f3grafos de acordo com o n\u00famero de inscritos por orientador. Os fot\u00f3grafos inscritos ser\u00e3o divididos em 3 grupos de acordo com o n\u00famero de selecionados. As atividades de orienta\u00e7\u00e3o ser\u00e3o divididas em 05 encontros entre os dias 05 e 15 de julho, pela manh\u00e3 ou a tarde, de acordo com a divis\u00e3o dos grupos. Cada participante dever\u00e1 ter seu pr\u00f3prio equipamento. Durante o per\u00edodo da Maratona cada participantes precisar\u00e1 organizar seu tempo para produzir um ensaio autoral e participar dos encontros de orienta\u00e7\u00e3o. Esses encontros se dar\u00e3o a partir de conversas e direcionamentos oferecidos pelos orientadores, tendo por base as imagens produzidas pelo participante ao longo da Maratona.<\/p>\n<p style=\"text-align: justify;\">Os ensaios fotogr\u00e1ficos resultantes desse processo de produ\u00e7\u00e3o e orienta\u00e7\u00e3o com dura\u00e7\u00e3o de 10 dias, ser\u00e3o\u00a0 reunidos e expostos por meio de proje\u00e7\u00f5es na cidade de Belo Horizonte. Os eventos de proje\u00e7\u00e3o ser\u00e3o gratuitos e abertos ao p\u00fablico.<\/p>\n<p><span style=\"color: #993366;\"><\/div><div class=\"one_half last\">The Photographic Marathon is an event which will mobilize professional and amateur photographers for the duration of a week, with the intent of developing an original work in Belo Horizonte (MG).<\/span><\/p>\n<p><span style=\"color: #993366;\">4 invited professional photographers will be selected from a public notice, and 20 beginners will be selected through a solicitation notice. Each professional photographer will lead 5 beginners during the production of their work.The Marathon will involve the production of 24 new and original photographic essays, which will be gathered and exhibited through projections in public areas and in the website of the Belo Horizonte International Photography Festival (FIF-BH).<\/span><\/p>\n<p><span style=\"color: #993366;\">The convocation will soon be opened with 20 spots in the Festival&#8217;s website. The registration is free of charge.<\/span><\/p>\n<p><span style=\"color: #993366;\">Works exhibited through projections in public areas will be open to the public, free of charge.<\/div><div class=\"divider\"><\/div><\/span><\/p>\n<p style=\"text-align: justify;\"><strong>PROJE\u00c7\u00d5ES \u2013 Locais e hor\u00e1rios:<\/strong><\/p>\n<p style=\"text-align: justify;\"><strong>DIA 17<\/strong><br \/>\n<span style=\"color: #808080;\"><strong>19H_<\/strong><\/span>Esquina entre Rua da Bahia e Av. Afonso Pena<\/p>\n<p style=\"text-align: justify;\"><strong>DIA 18<\/strong><br \/>\n<span style=\"color: #888888;\"><strong>20H \u00c0S 23H_<\/strong><\/span>Pra\u00e7a da Liberdade<\/p>\n<p style=\"text-align: justify;\"><strong>DIA 19<\/strong><br \/>\n<strong><span style=\"color: #808080;\">20H \u00c0S 23H_<\/span><\/strong>Esquina entre Rua da Bahia e Av. Augusto de Lima<\/p>\n<p style=\"text-align: justify;\"><strong>DIA 20<\/strong><br \/>\n<span style=\"color: #808080;\"><strong>20H \u00c0S 23H_<\/strong><span style=\"color: #000000;\">E<\/span><\/span><span style=\"color: #000000;\">s<\/span>quina entre Rua dos Tupinambas e Av. Amazonas<\/p>\n<p><strong>Orientadores<\/strong><\/p>\n<p><span style=\"color: #000000;\"><a href=\"https:\/\/www.fif.art.br\/?p=859\"><span style=\"color: #000000;\">Nitro<\/span><\/a><\/span><br \/>\n<span style=\"color: #000000;\"> <a href=\"https:\/\/www.fif.art.br\/?p=847\"><span style=\"color: #000000;\"> Leonardo Costa Braga<\/span><\/a><\/span><br \/>\n<span style=\"color: #000000;\"> <a href=\"https:\/\/www.fif.art.br\/?p=882\"><span style=\"color: #000000;\"> Rodrigo Mendes<\/span><\/a> e<\/span><br \/>\n<span style=\"color: #000000;\"> <a title=\"Daniel Moreira\" href=\"https:\/\/www.fif.art.br\/?p=879\"><span style=\"color: #000000;\">Daniel Moreira<\/span><\/a><\/span><\/p>\n<p><strong><a href=\"https:\/\/www.fif.art.br\/?page_id=6886\">\u00a0<span style=\"color: #800000;\">CONHE\u00c7A OS MARATONISTAS SELECIONADOS<\/span><\/a><\/strong><\/p>\n<p>&nbsp;<\/p>\n","protected":false},"excerpt":{"rendered":"<p>PROJE\u00c7\u00d5ES \u2013 Locais e hor\u00e1rios: DIA 17 19H_Esquina entre Rua da Bahia e Av. Afonso Pena DIA 18 20H \u00c0S 23H_Pra\u00e7a da Liberdade DIA 19 20H \u00c0S 23H_Esquina entre Rua da Bahia e Av. Augusto de Lima DIA 20 20H \u00c0S 23H_Esquina entre Rua dos Tupinambas e Av. Amazonas Orientadores Nitro Leonardo Costa Braga Rodrigo [&hellip;]<\/p>\n","protected":false},"author":1,"featured_media":0,"parent":0,"menu_order":0,"comment_status":"closed","ping_status":"closed","template":"page-fullwidth.php","meta":{"footnotes":""},"class_list":["post-18","page","type-page","status-publish","hentry"],"_links":{"self":[{"href":"https:\/\/www.2013.fif.art.br\/index.php?rest_route=\/wp\/v2\/pages\/18","targetHints":{"allow":["GET"]}}],"collection":[{"href":"https:\/\/www.2013.fif.art.br\/index.php?rest_route=\/wp\/v2\/pages"}],"about":[{"href":"https:\/\/www.2013.fif.art.br\/index.php?rest_route=\/wp\/v2\/types\/page"}],"author":[{"embeddable":true,"href":"https:\/\/www.2013.fif.art.br\/index.php?rest_route=\/wp\/v2\/users\/1"}],"replies":[{"embeddable":true,"href":"https:\/\/www.2013.fif.art.br\/index.php?rest_route=%2Fwp%2Fv2%2Fcomments&post=18"}],"version-history":[{"count":1,"href":"https:\/\/www.2013.fif.art.br\/index.php?rest_route=\/wp\/v2\/pages\/18\/revisions"}],"predecessor-version":[{"id":19,"href":"https:\/\/www.2013.fif.art.br\/index.php?rest_route=\/wp\/v2\/pages\/18\/revisions\/19"}],"wp:attachment":[{"href":"https:\/\/www.2013.fif.art.br\/index.php?rest_route=%2Fwp%2Fv2%2Fmedia&parent=18"}],"curies":[{"name":"wp","href":"https:\/\/api.w.org\/{rel}","templated":true}]}}