{"id":14,"date":"2014-08-27T21:39:52","date_gmt":"2014-08-27T21:39:52","guid":{"rendered":"https:\/\/www.2013.fif.art.br\/?page_id=14"},"modified":"2014-08-29T14:58:30","modified_gmt":"2014-08-29T14:58:30","slug":"clipping","status":"publish","type":"page","link":"https:\/\/www.2013.fif.art.br\/?page_id=14","title":{"rendered":"Clipping"},"content":{"rendered":"<p>&nbsp;<\/p>\n<p>Conhe\u00e7a aqui as noticias que sa\u00edram na m\u00eddia sobre o Festival Internacional de Fotografia de Belo Horizonte 2013.<\/p>\n<p>&nbsp;<\/p>\n<h4>REDE GLOBO<\/h4>\n<p><iframe loading=\"lazy\" src=\"\/\/player.vimeo.com\/video\/84587988\" width=\"600\" height=\"338\" frameborder=\"0\" allowfullscreen=\"allowfullscreen\"><\/iframe><\/p>\n<p>Programa Globo Horizontes Especial &#8211; Festival internacional de Fotografia de Belo Horioznte 2013<br \/>\nparte 01<br \/>\n<iframe loading=\"lazy\" src=\"\/\/player.vimeo.com\/video\/84587989\" width=\"600\" height=\"338\" frameborder=\"0\" allowfullscreen=\"allowfullscreen\"><\/iframe><\/p>\n<p>Programa Globo Horizontes Especial &#8211; Festival internacional de Fotografia de Belo Horioznte 2013<br \/>\nparte 02<\/p>\n<p>&nbsp;<\/p>\n<p>&nbsp;<\/p>\n<p><iframe loading=\"lazy\" src=\"\/\/player.vimeo.com\/video\/84587991\" width=\"600\" height=\"338\" frameborder=\"0\" allowfullscreen=\"allowfullscreen\"><\/iframe><\/p>\n<p>Programa Globo Horizontes Especial &#8211; Festival internacional de Fotografia de Belo Horioznte 2013<br \/>\nparte 03<\/p>\n<p>&nbsp;<\/p>\n<p>&nbsp;<\/p>\n<p><iframe loading=\"lazy\" src=\"\/\/player.vimeo.com\/video\/84587993\" width=\"600\" height=\"339\" frameborder=\"0\" allowfullscreen=\"allowfullscreen\"><\/iframe><\/p>\n<p>MG TV &#8211; Mat\u00e9ria sobre as proje\u00e7\u00f5es da Maratona Fotogr\u00e1fica, uma das a\u00e7\u00f5es do FIF BH 2013.<\/p>\n<p>&nbsp;<\/p>\n<h4>REDE MINAS<\/h4>\n<p><iframe loading=\"lazy\" src=\"\/\/player.vimeo.com\/video\/84587994\" width=\"600\" height=\"441\" frameborder=\"0\" allowfullscreen=\"allowfullscreen\"><\/iframe><\/p>\n<p>Rede Minas &#8211; Programa Agenda &#8211; Mat\u00e9ria sobre O FIF BH 2013.<\/p>\n<p>&nbsp;<\/p>\n<p><iframe loading=\"lazy\" src=\"\/\/player.vimeo.com\/video\/84604299\" width=\"600\" height=\"441\" frameborder=\"0\" allowfullscreen=\"allowfullscreen\"><\/iframe><\/p>\n<p>Rede Minas &#8211; Programa Agenda &#8211; Mat\u00e9ria sobre O FIF BH 2013.<\/p>\n<p>&nbsp;<\/p>\n<p>&nbsp;<\/p>\n<p><iframe loading=\"lazy\" src=\"\/\/player.vimeo.com\/video\/84593881\" width=\"601\" height=\"451\" frameborder=\"0\" allowfullscreen=\"allowfullscreen\"><\/iframe><\/p>\n<p>Rede Minas &#8211; Programa Opini\u00e3o Minas &#8211; Mat\u00e9ria sobre O FIF BH 2013.<\/p>\n<p>&nbsp;<\/p>\n<p>&nbsp;<\/p>\n<p>&nbsp;<\/p>\n","protected":false},"excerpt":{"rendered":"<p>&nbsp; Conhe\u00e7a aqui as noticias que sa\u00edram na m\u00eddia sobre o Festival Internacional de Fotografia de Belo Horizonte 2013. &nbsp; REDE GLOBO Programa Globo Horizontes Especial &#8211; Festival internacional de Fotografia de Belo Horioznte 2013 parte 01 Programa Globo Horizontes Especial &#8211; Festival internacional de Fotografia de Belo Horioznte 2013 parte 02 &nbsp; &nbsp; Programa [&hellip;]<\/p>\n","protected":false},"author":1,"featured_media":0,"parent":0,"menu_order":0,"comment_status":"closed","ping_status":"closed","template":"page-fullwidth.php","meta":{"footnotes":""},"class_list":["post-14","page","type-page","status-publish","hentry"],"_links":{"self":[{"href":"https:\/\/www.2013.fif.art.br\/index.php?rest_route=\/wp\/v2\/pages\/14","targetHints":{"allow":["GET"]}}],"collection":[{"href":"https:\/\/www.2013.fif.art.br\/index.php?rest_route=\/wp\/v2\/pages"}],"about":[{"href":"https:\/\/www.2013.fif.art.br\/index.php?rest_route=\/wp\/v2\/types\/page"}],"author":[{"embeddable":true,"href":"https:\/\/www.2013.fif.art.br\/index.php?rest_route=\/wp\/v2\/users\/1"}],"replies":[{"embeddable":true,"href":"https:\/\/www.2013.fif.art.br\/index.php?rest_route=%2Fwp%2Fv2%2Fcomments&post=14"}],"version-history":[{"count":1,"href":"https:\/\/www.2013.fif.art.br\/index.php?rest_route=\/wp\/v2\/pages\/14\/revisions"}],"predecessor-version":[{"id":15,"href":"https:\/\/www.2013.fif.art.br\/index.php?rest_route=\/wp\/v2\/pages\/14\/revisions\/15"}],"wp:attachment":[{"href":"https:\/\/www.2013.fif.art.br\/index.php?rest_route=%2Fwp%2Fv2%2Fmedia&parent=14"}],"curies":[{"name":"wp","href":"https:\/\/api.w.org\/{rel}","templated":true}]}}